{"id":3470,"date":"2013-06-16T17:38:35","date_gmt":"2013-06-16T17:38:35","guid":{"rendered":"http:\/\/fmjd64.org\/?page_id=3470"},"modified":"2015-07-03T19:02:45","modified_gmt":"2015-07-03T15:02:45","slug":"standing-after-2-stages","status":"publish","type":"page","link":"https:\/\/fmjd64.org\/ru\/standing-after-2-stages\/","title":{"rendered":"\u0418\u0442\u043e\u0433\u0438"},"content":{"rendered":"<p><\/p>\n<h2>World Cup \u2013 2013 in draughts-64<\/h2>\n<table width=\"500\" border=\"1\" cellspacing=\"0\" cellpadding=\"0\">\n<tbody>\n<tr>\n<td valign=\"top\" width=\"57\"><strong>Stage<\/strong><\/td>\n<td valign=\"top\" width=\"260\"><strong>Competition<\/strong><\/td>\n<td valign=\"top\" nowrap=\"nowrap\" width=\"94\"><strong>Version<\/strong><\/td>\n<td valign=\"top\" width=\"150\"><strong>Champion<\/strong><\/td>\n<\/tr>\n<tr>\n<td valign=\"top\" width=\"57\"><strong>1<\/strong><\/td>\n<td width=\"260\"><a href=\"https:\/\/fmjd64.org\/2013\/international-competitions-in-memory-of-e-stepanov-%e2%80%93-1st-stage-of-world-cup-2013\/\" target=\"_blank\">International competition memory E.Stepanov<\/a><\/td>\n<td style=\"text-align: center;\" valign=\"top\" nowrap=\"nowrap\" width=\"94\">RUS<\/td>\n<td valign=\"top\" width=\"170\"><strong>Kolesov Gavril<\/strong><\/td>\n<\/tr>\n<tr>\n<td valign=\"top\" width=\"57\"><strong>2<\/strong><\/td>\n<td width=\"260\"><a href=\"https:\/\/fmjd64.org\/2013\/2nd-stage-of-world-cup-%e2%80%9crimini-2013%e2%80%9d\/\" target=\"_blank\">International\u00a0competition<br \/>\n\u00abRimini-2013\u00bb<\/a><\/td>\n<td style=\"text-align: center;\" valign=\"top\" nowrap=\"nowrap\" width=\"94\">IT<br \/>\nBR<br \/>\nRUS<\/td>\n<td valign=\"top\" width=\"170\"><strong>Kolesov Gavril\u00a0\u00a0 <\/strong><strong>Tsinman Dmitry <\/strong><strong>Skrabov Vladimir<\/strong><\/td>\n<\/tr>\n<tr>\n<td valign=\"top\" width=\"57\"><strong>3<\/strong><\/td>\n<td width=\"260\"><a href=\"https:\/\/fmjd64.org\/2013\/international-competitions-%c2%abtikhvin-%e2%80%93-2013%c2%bb-3rd-stage-of-world-cup-2013\/\" target=\"_blank\">International competition<strong>\u00a0<\/strong><br \/>\n\u00abTikhvin \u2013 2013\u00bb<\/a><\/td>\n<td style=\"text-align: center;\" valign=\"top\" nowrap=\"nowrap\" width=\"94\">RUS<\/td>\n<td valign=\"top\" width=\"170\"><strong>Skrabov Vladimir<\/strong><\/td>\n<\/tr>\n<tr>\n<td valign=\"top\" width=\"57\"><strong>4<\/strong><\/td>\n<td width=\"260\"><a href=\"https:\/\/fmjd64.org\/2013\/competition-white-nights-2013-4th-stage-of-world-cup-2013\/\" target=\"_blank\">International competition<strong>\u00a0 <\/strong><br \/>\n\u00abWhite Nights \u2013 2013\u00bb<\/a><\/td>\n<td style=\"text-align: center;\" valign=\"top\" nowrap=\"nowrap\" width=\"94\">RUS<\/td>\n<td valign=\"top\" width=\"170\"><strong>Burov Alexander<\/strong><\/td>\n<\/tr>\n<tr>\n<td valign=\"top\" width=\"57\"><strong>5<\/strong><\/td>\n<td width=\"260\"><a href=\"https:\/\/fmjd64.org\/2013\/world-cup-2013-in-pardubice\/\" target=\"_blank\">International competition<br \/>\n\u00abPardubice -2013\u00bb<\/a><\/td>\n<td style=\"text-align: center;\" valign=\"top\" nowrap=\"nowrap\" width=\"94\">CZE<br \/>\nBR<br \/>\nRUS<\/td>\n<td valign=\"top\" width=\"170\"><strong>Ji\u0159\u00ed Sysel\u00a0\u00a0\u00a0\u00a0\u00a0\u00a0\u00a0\u00a0 Skrabov Vladimir <strong>Skrabov Vladimir<\/strong><\/strong><\/td>\n<\/tr>\n<tr>\n<td valign=\"top\" width=\"57\"><strong>6<\/strong><\/td>\n<td valign=\"bottom\" width=\"260\"><a href=\"https:\/\/fmjd64.org\/2013\/6th-stage-of-world-cup-cup-of-information-technology\/\" target=\"_blank\">International competition \u00abCup of Information Technology\u00bb<\/a><\/td>\n<td style=\"text-align: center;\" valign=\"top\" nowrap=\"nowrap\" width=\"94\">RUS<\/td>\n<td valign=\"top\" width=\"170\"><strong>Tsinman Dmitry<\/strong><\/td>\n<\/tr>\n<tr>\n<td valign=\"top\" width=\"57\"><strong>7<\/strong><\/td>\n<td width=\"260\"><a href=\"https:\/\/fmjd64.org\/2013\/international-competition-memory-s-kashaev-%e2%80%93-7th-stage-of-world-cup\/\" target=\"_blank\">International competition<br \/>\nmemory S. Kashaev<\/a><\/td>\n<td style=\"text-align: center;\" valign=\"top\" nowrap=\"nowrap\" width=\"94\">RUS<\/td>\n<td valign=\"top\" width=\"170\"><strong>Belosheyev Sergey<\/strong><\/td>\n<\/tr>\n<tr>\n<td valign=\"top\" width=\"57\"><strong>8<\/strong><\/td>\n<td width=\"260\"><a href=\"https:\/\/fmjd64.org\/2013\/final-of-world-cup-international-competitions-memory-vasily-sokov\/\" target=\"_blank\"><strong>World Cup final<\/strong><br \/>\nInternational competition<br \/>\nmemory V. Sokov<\/a><\/td>\n<td style=\"text-align: center;\" valign=\"top\" nowrap=\"nowrap\" width=\"94\">RUS<\/td>\n<td valign=\"top\" width=\"170\"><strong>Belosheyev Sergey<\/strong><\/td>\n<\/tr>\n<\/tbody>\n<\/table>\n<p>Total 180\u00a0players from 18 countries: Azerbaijan, Belarus,\u00a0Czech Republic, Estonia, Georgia, Israel, India, Italy, Kazakhstan, Congo, Latvia, Moldova, Poland, Turkmenistan, Uzbekistan, Ukraine, USA\u00a0and Russia \u00a0involved \u00a0in\u00a0all stages of\u00a0World Cup in 2013.<\/p>\n<p>&nbsp;<\/p>\n<h2 style=\"text-align: center;\">Final standing<\/h2>\n<p style=\"text-align: left;\"><strong><a href=\"https:\/\/fmjd64.org\/wp-content\/uploads\/2013\/06\/Table-World-Cup-2013-engl2.pdf\">Table World Cup final engl<\/a>\u00a0\u00a0\u00a0\u00a0\u00a0\u00a0\u00a0\u00a0\u00a0\u00a0\u00a0\u00a0\u00a0\u00a0\u00a0\u00a0\u00a0\u00a0\u00a0\u00a0\u00a0\u00a0\u00a0\u00a0\u00a0\u00a0\u00a0\u00a0\u00a0\u00a0\u00a0\u00a0\u00a0\u00a0\u00a0\u00a0\u00a0\u00a0\u00a0\u00a0\u00a0\u00a0\u00a0\u00a0\u00a0\u00a0\u00a0\u00a0\u00a0\u00a0\u00a0\u00a0\u00a0\u00a0\u00a0\u00a0\u00a0\u00a0\u00a0\u00a0\u00a0\u00a0\u00a0\u00a0\u00a0\u00a0\u00a0\u00a0\u00a0\u00a0\u00a0\u00a0\u00a0\u00a0\u00a0\u00a0\u00a0\u00a0\u00a0 <a href=\"https:\/\/fmjd64.org\/wp-content\/uploads\/2013\/06\/Table-World-Cup-2013-rus2.pdf\">Table World Cup final rus<\/a><\/strong><\/p>\n<p style=\"text-align: center;\"><a href=\"https:\/\/fmjd64.org\/wp-content\/uploads\/2013\/06\/Winners-of-World-Cup.jpg\"><img loading=\"lazy\" class=\"size-full wp-image-5015\" title=\"Winners of World Cup\" src=\"https:\/\/fmjd64.org\/wp-content\/uploads\/2013\/06\/Winners-of-World-Cup.jpg\" alt=\"\" width=\"560\" height=\"420\" srcset=\"https:\/\/fmjd64.org\/wp-content\/uploads\/2013\/06\/Winners-of-World-Cup.jpg 800w, https:\/\/fmjd64.org\/wp-content\/uploads\/2013\/06\/Winners-of-World-Cup-300x225.jpg 300w\" sizes=\"(max-width: 560px) 100vw, 560px\" \/><\/a><\/p>\n<table width=\"500\" border=\"0\" cellspacing=\"0\" cellpadding=\"0\">\n<colgroup>\n<col width=\"48\" \/><\/colgroup>\n<colgroup>\n<col width=\"183\" \/><\/colgroup>\n<colgroup>\n<col width=\"101\" \/><\/colgroup>\n<colgroup>\n<col width=\"50\" \/><\/colgroup>\n<colgroup>\n<col width=\"37\" \/><\/colgroup>\n<colgroup>\n<col width=\"81\" \/><\/colgroup>\n<tbody>\n<tr>\n<td width=\"48\" height=\"18\"><strong>Place<\/strong><\/td>\n<td width=\"183\"><strong>Surname, name<\/strong><\/td>\n<td width=\"101\"><strong>Country<\/strong><\/td>\n<td width=\"50\"><strong>Cat<\/strong><\/td>\n<td width=\"37\"><strong>Pt<\/strong><\/td>\n<td width=\"81\"><strong>Tournaments<\/strong><\/td>\n<\/tr>\n<tr>\n<td height=\"17\"><strong>1<\/strong><\/td>\n<td width=\"183\"><strong>Skrabov Vladimir\u00a0<\/strong><\/td>\n<td width=\"101\"><strong>Russia<\/strong><\/td>\n<td width=\"50\"><strong>GMI<\/strong><\/td>\n<td width=\"37\"><strong>103<\/strong><\/td>\n<td><strong>3+4*<\/strong><\/td>\n<\/tr>\n<tr>\n<td height=\"17\"><strong>2<\/strong><\/td>\n<td width=\"183\"><strong>Tsinman Dmitry<\/strong><\/td>\n<td width=\"101\"><strong>Russia<\/strong><\/td>\n<td width=\"50\"><strong>GMI<\/strong><\/td>\n<td width=\"37\"><strong>80<\/strong><\/td>\n<td><strong>3+2*<\/strong><\/td>\n<\/tr>\n<tr>\n<td height=\"17\"><strong>3<\/strong><\/td>\n<td width=\"183\"><strong>Kolesov\u00a0 Gavril\u00a0<\/strong><\/td>\n<td width=\"101\"><strong>Russia<\/strong><\/td>\n<td width=\"50\"><strong>GMI<\/strong><\/td>\n<td width=\"37\"><strong>79<\/strong><\/td>\n<td><strong>2+2*<\/strong><\/td>\n<\/tr>\n<tr>\n<td height=\"17\">4<\/td>\n<td width=\"183\">Gnelitskiy\u00a0 Andrey<\/td>\n<td width=\"101\">Russia<\/td>\n<td width=\"50\">MF<\/td>\n<td width=\"37\">73<\/td>\n<td>3+4*<\/td>\n<\/tr>\n<tr>\n<td height=\"17\">5<\/td>\n<td width=\"183\">Belosheyev Sergey<\/td>\n<td width=\"101\">Ukraine<\/td>\n<td width=\"50\">GMI<\/td>\n<td width=\"37\">71<\/td>\n<td>3<\/td>\n<\/tr>\n<tr>\n<td height=\"17\">6<\/td>\n<td width=\"183\">Denisova\u00a0 Valeria<\/td>\n<td width=\"101\">Russia<\/td>\n<td><\/td>\n<td width=\"37\">50<\/td>\n<td width=\"81\">3+2*\u00a0\u00a0 <strong>1st w<\/strong><\/td>\n<\/tr>\n<tr>\n<td height=\"17\">7<\/td>\n<td width=\"183\">Peshcherov\u00a0 Ruslan<\/td>\n<td width=\"101\">Russia<\/td>\n<td width=\"50\">MF<\/td>\n<td width=\"37\">49<\/td>\n<td>3+2*<\/td>\n<\/tr>\n<tr>\n<td height=\"17\">8<\/td>\n<td width=\"183\">Abarinov\u00a0 Dmitry<\/td>\n<td width=\"101\">Russia<\/td>\n<td width=\"50\">MF<\/td>\n<td width=\"37\">33<\/td>\n<td>2+2*<\/td>\n<\/tr>\n<tr>\n<td height=\"17\">9<\/td>\n<td width=\"183\">Dashkov\u00a0 Oleg<\/td>\n<td width=\"101\">Russia<\/td>\n<td width=\"50\">GMI<\/td>\n<td width=\"37\">30<\/td>\n<td width=\"81\">1+1*<\/td>\n<\/tr>\n<tr>\n<td height=\"18\">10<\/td>\n<td width=\"183\">Kirillov\u00a0 Yuri<\/td>\n<td width=\"101\">Russia<\/td>\n<td width=\"50\">MF<\/td>\n<td width=\"37\">26<\/td>\n<td>2<\/td>\n<\/tr>\n<tr>\n<td height=\"17\">11-12<\/td>\n<td width=\"183\">Burov Alexander<\/td>\n<td width=\"101\">Russia<\/td>\n<td width=\"50\">MI<\/td>\n<td width=\"37\">25<\/td>\n<td>1<\/td>\n<\/tr>\n<tr>\n<td height=\"18\"><\/td>\n<td width=\"183\">Melnikov Dmitry<\/td>\n<td width=\"101\">Russia<\/td>\n<td><\/td>\n<td width=\"37\">25<\/td>\n<td>3+2*\u00a0\u00a0\u00a0<strong> 1st y<\/strong><\/td>\n<\/tr>\n<tr>\n<td height=\"18\">13<\/td>\n<td width=\"183\">Lond Dmitry<\/td>\n<td width=\"101\">Russia<\/td>\n<td><\/td>\n<td width=\"37\">24<\/td>\n<td>2<\/td>\n<\/tr>\n<tr>\n<td height=\"17\">14-17<\/td>\n<td width=\"183\">Belikov Anton<\/td>\n<td width=\"101\">Russia<\/td>\n<td width=\"50\">MI<\/td>\n<td width=\"37\">21<\/td>\n<td>1<\/td>\n<\/tr>\n<tr>\n<td height=\"17\"><\/td>\n<td width=\"183\">Boyko Sergei<\/td>\n<td width=\"101\">Ukraine<\/td>\n<td width=\"50\">GMI<\/td>\n<td width=\"37\">21<\/td>\n<td>1<\/td>\n<\/tr>\n<tr>\n<td height=\"17\"><\/td>\n<td>Prokopenko Yuri<\/td>\n<td>Russia<\/td>\n<td><\/td>\n<td>21<\/td>\n<td>2+1*<\/td>\n<\/tr>\n<tr>\n<td height=\"18\"><\/td>\n<td width=\"183\">Sultanov Rif<\/td>\n<td width=\"101\">Russia<\/td>\n<td width=\"50\"><\/td>\n<td width=\"37\">21<\/td>\n<td>1<\/td>\n<\/tr>\n<tr>\n<td height=\"18\">18<\/td>\n<td width=\"183\">Pavlov\u00a0 Ivan<\/td>\n<td width=\"101\">Russia<\/td>\n<td><\/td>\n<td width=\"37\">20<\/td>\n<td>1+2*<\/td>\n<\/tr>\n<tr>\n<td height=\"17\">19-20<\/td>\n<td width=\"183\">Mullin Sergey<\/td>\n<td width=\"101\">Russia<\/td>\n<td width=\"50\"><\/td>\n<td width=\"37\">19<\/td>\n<td>1+2*<\/td>\n<\/tr>\n<tr>\n<td height=\"18\"><\/td>\n<td width=\"183\">Safiullin Lenar<\/td>\n<td width=\"101\">Russia<\/td>\n<td width=\"50\">MF<\/td>\n<td width=\"37\">19<\/td>\n<td>2<\/td>\n<\/tr>\n<tr>\n<td height=\"17\">21-23<\/td>\n<td width=\"183\">Dosca Ion<\/td>\n<td width=\"101\">Moldova<\/td>\n<td width=\"50\">GMI<\/td>\n<td width=\"37\">18<\/td>\n<td>1<\/td>\n<\/tr>\n<tr>\n<td height=\"17\"><\/td>\n<td width=\"183\">Gaydukov Andrey<\/td>\n<td width=\"101\">Russia<\/td>\n<td width=\"50\">MF<\/td>\n<td width=\"37\">18<\/td>\n<td>1<\/td>\n<\/tr>\n<tr>\n<td height=\"18\"><\/td>\n<td width=\"183\">Slavyanov\u00a0 Nikita<\/td>\n<td width=\"101\">Russia<\/td>\n<td width=\"50\">MF<\/td>\n<td width=\"37\">18<\/td>\n<td>1<\/td>\n<\/tr>\n<tr>\n<td height=\"18\">24<\/td>\n<td width=\"183\">Deryabin\u00a0 Vilimir<\/td>\n<td width=\"101\">Russia<\/td>\n<td width=\"50\"><\/td>\n<td width=\"37\">17<\/td>\n<td>2<\/td>\n<\/tr>\n<tr>\n<td height=\"17\">25-29<\/td>\n<td width=\"183\">Zhekeyev Mirat<\/td>\n<td width=\"101\">Kazakhstan<\/td>\n<td width=\"50\">GMI<\/td>\n<td width=\"37\">15<\/td>\n<td>1<\/td>\n<\/tr>\n<tr>\n<td height=\"17\"><\/td>\n<td width=\"183\">Martynenko\u00a0 Sergey<\/td>\n<td width=\"101\">Ukraine<\/td>\n<td><\/td>\n<td width=\"37\">15<\/td>\n<td width=\"81\">1<\/td>\n<\/tr>\n<tr>\n<td height=\"17\"><\/td>\n<td width=\"183\">Playdin\u00a0 Vladimir<\/td>\n<td width=\"101\">Russia<\/td>\n<td><\/td>\n<td width=\"37\">15<\/td>\n<td width=\"81\">1<\/td>\n<\/tr>\n<tr>\n<td height=\"17\"><\/td>\n<td width=\"183\">Prokopenko\u00a0 Artem<\/td>\n<td width=\"101\">Ukraine<\/td>\n<td><\/td>\n<td width=\"37\">15<\/td>\n<td width=\"81\">1<\/td>\n<\/tr>\n<tr>\n<td height=\"18\"><\/td>\n<td width=\"183\">Umirzakov Eldar<\/td>\n<td width=\"101\">Russia<\/td>\n<td><\/td>\n<td width=\"37\">15<\/td>\n<td width=\"81\">1<\/td>\n<\/tr>\n<tr>\n<td height=\"17\">30-36<\/td>\n<td width=\"183\">Belozerov Oleg<\/td>\n<td width=\"101\">Russia<\/td>\n<td><\/td>\n<td width=\"37\">14<\/td>\n<td width=\"81\">1<\/td>\n<\/tr>\n<tr>\n<td height=\"17\"><\/td>\n<td width=\"183\">Byashimov\u00a0 Akhmet<\/td>\n<td width=\"101\">Kazakhstan<\/td>\n<td width=\"50\">MI<\/td>\n<td width=\"37\">14<\/td>\n<td>1<\/td>\n<\/tr>\n<tr>\n<td height=\"17\"><\/td>\n<td width=\"183\">Gayazov Shamil<\/td>\n<td width=\"101\">Russia<\/td>\n<td width=\"50\"><\/td>\n<td width=\"37\">14<\/td>\n<td>1<\/td>\n<\/tr>\n<tr>\n<td height=\"19\"><\/td>\n<td width=\"183\">Kareta Filip<\/td>\n<td width=\"101\">Czech Republic<\/td>\n<td width=\"50\"><\/td>\n<td width=\"37\">14<\/td>\n<td>2*<\/td>\n<\/tr>\n<tr>\n<td height=\"19\"><\/td>\n<td width=\"183\">Kiselev Mikhail<\/td>\n<td width=\"101\">USA<\/td>\n<td width=\"50\">MF<\/td>\n<td width=\"37\">14<\/td>\n<td>1<\/td>\n<\/tr>\n<tr>\n<td height=\"17\"><\/td>\n<td>Murashev Vladimir<\/td>\n<td width=\"101\">Russia<\/td>\n<td><\/td>\n<td width=\"37\">14<\/td>\n<td width=\"81\">1<\/td>\n<\/tr>\n<tr>\n<td height=\"18\"><\/td>\n<td>Shapunov Oleg<\/td>\n<td width=\"101\">Ukraine<\/td>\n<td>MF<\/td>\n<td width=\"37\">14<\/td>\n<td width=\"81\">1<\/td>\n<\/tr>\n<tr>\n<td height=\"17\">37-40<\/td>\n<td>Egolin Vitaly<\/td>\n<td width=\"101\">Russia<\/td>\n<td><\/td>\n<td width=\"37\">13<\/td>\n<td width=\"81\">1<\/td>\n<\/tr>\n<tr>\n<td height=\"17\"><\/td>\n<td width=\"183\">Nikiforov\u00a0 Dmitry<\/td>\n<td width=\"101\">Russia<\/td>\n<td width=\"50\">MF<\/td>\n<td width=\"37\">13<\/td>\n<td>1<\/td>\n<\/tr>\n<tr>\n<td height=\"20\"><\/td>\n<td width=\"183\">Tichy\u00a0 Jaroslav<\/td>\n<td width=\"101\">Czech Republic<\/td>\n<td width=\"50\"><\/td>\n<td width=\"37\">13<\/td>\n<td>1+2*<\/td>\n<\/tr>\n<tr>\n<td height=\"20\"><\/td>\n<td width=\"183\">Timofeev Yuri<\/td>\n<td width=\"101\">Ukraine<\/td>\n<td width=\"50\"><\/td>\n<td width=\"37\">13<\/td>\n<td>1<\/td>\n<\/tr>\n<tr>\n<td height=\"17\">41-45<\/td>\n<td width=\"183\">Kostenitsky Vilaly<\/td>\n<td width=\"101\">Russia<\/td>\n<td><\/td>\n<td width=\"37\">11<\/td>\n<td>1<\/td>\n<\/tr>\n<tr>\n<td height=\"17\"><\/td>\n<td width=\"183\">Lopukhin\u00a0 Ivan<\/td>\n<td width=\"101\">Russia<\/td>\n<td width=\"50\"><\/td>\n<td width=\"37\">11<\/td>\n<td>2<\/td>\n<\/tr>\n<tr>\n<td height=\"17\"><\/td>\n<td width=\"183\">Mirzyalalov Rashit<\/td>\n<td width=\"101\">Ukraine<\/td>\n<td width=\"50\"><\/td>\n<td width=\"37\">11<\/td>\n<td>1<\/td>\n<\/tr>\n<tr>\n<td height=\"17\"><\/td>\n<td width=\"183\">Naduyev Semen<\/td>\n<td width=\"101\">Ukraine<\/td>\n<td width=\"50\"><\/td>\n<td width=\"37\">11<\/td>\n<td>1<\/td>\n<\/tr>\n<tr>\n<td height=\"18\"><\/td>\n<td>Sysel Ji\u0159\u00ed<\/td>\n<td width=\"101\">Czech Republic<\/td>\n<td width=\"50\"><\/td>\n<td width=\"37\">11<\/td>\n<td>2*<\/td>\n<\/tr>\n<tr>\n<td height=\"17\">46-52<\/td>\n<td width=\"183\">Zhuravlev Eugene<\/td>\n<td width=\"101\">Russia<\/td>\n<td><\/td>\n<td width=\"37\">10<\/td>\n<td>1<\/td>\n<\/tr>\n<tr>\n<td height=\"17\"><\/td>\n<td width=\"183\">Zhuravskaya\u00a0 Yulia<\/td>\n<td width=\"101\">Russia<\/td>\n<td>MIF<\/td>\n<td width=\"37\">10<\/td>\n<td>1<\/td>\n<\/tr>\n<tr>\n<td height=\"17\"><\/td>\n<td width=\"183\">Gorobets Victor<\/td>\n<td width=\"101\">Ukraine<\/td>\n<td><\/td>\n<td width=\"37\">10<\/td>\n<td>1<\/td>\n<\/tr>\n<tr>\n<td height=\"17\"><\/td>\n<td width=\"183\">Korolev Sergei<\/td>\n<td width=\"101\">Russia<\/td>\n<td><\/td>\n<td width=\"37\">10<\/td>\n<td>1<\/td>\n<\/tr>\n<tr>\n<td height=\"17\"><\/td>\n<td width=\"183\">Kuznetsov Igor<\/td>\n<td width=\"101\">Russia<\/td>\n<td><\/td>\n<td width=\"37\">10<\/td>\n<td>1<\/td>\n<\/tr>\n<tr>\n<td height=\"17\"><\/td>\n<td width=\"183\">Mosalova Yulia<\/td>\n<td width=\"101\">Russia<\/td>\n<td>GMIF<\/td>\n<td width=\"37\">10<\/td>\n<td>1<\/td>\n<\/tr>\n<tr>\n<td height=\"18\"><\/td>\n<td width=\"183\">Petrova Lyudmila<\/td>\n<td width=\"101\">Russia<\/td>\n<td><\/td>\n<td width=\"37\">10<\/td>\n<td>1<\/td>\n<\/tr>\n<tr>\n<td height=\"17\">53-57<\/td>\n<td width=\"183\">Elagina Anna<\/td>\n<td width=\"101\">Russia<\/td>\n<td width=\"50\"><\/td>\n<td width=\"37\">9<\/td>\n<td>1<\/td>\n<\/tr>\n<tr>\n<td height=\"17\"><\/td>\n<td width=\"183\">Kriskevich Maria<\/td>\n<td width=\"101\">Russia<\/td>\n<td width=\"50\"><\/td>\n<td width=\"37\">9<\/td>\n<td>1<\/td>\n<\/tr>\n<tr>\n<td height=\"17\"><\/td>\n<td width=\"183\">Kompanets Sergey<\/td>\n<td width=\"101\">Ukraine<\/td>\n<td width=\"50\"><\/td>\n<td width=\"37\">9<\/td>\n<td>1<\/td>\n<\/tr>\n<tr>\n<td height=\"17\"><\/td>\n<td width=\"183\">Leonidov Daniil<\/td>\n<td width=\"101\">Russia<\/td>\n<td width=\"50\"><\/td>\n<td width=\"37\">9<\/td>\n<td>1<\/td>\n<\/tr>\n<tr>\n<td height=\"18\"><\/td>\n<td width=\"183\">Lezhnev Sergey<\/td>\n<td width=\"101\">Russia<\/td>\n<td width=\"50\"><\/td>\n<td width=\"37\">9<\/td>\n<td>1<\/td>\n<\/tr>\n<tr>\n<td height=\"17\">58-63<\/td>\n<td width=\"183\">Antipov\u00a0 Vladyslav<\/td>\n<td width=\"101\">Ukraine<\/td>\n<td width=\"50\"><\/td>\n<td width=\"37\">8<\/td>\n<td>1<\/td>\n<\/tr>\n<tr>\n<td height=\"17\"><\/td>\n<td width=\"183\">Arslanov Farkhad<\/td>\n<td width=\"101\">Turkmenistan<\/td>\n<td width=\"50\"><\/td>\n<td width=\"37\">8<\/td>\n<td>1<\/td>\n<\/tr>\n<tr>\n<td height=\"17\"><\/td>\n<td width=\"183\">Burko Sergei<\/td>\n<td width=\"101\">Belarus<\/td>\n<td width=\"50\">\u00a0MF<\/td>\n<td width=\"37\">8<\/td>\n<td>1<\/td>\n<\/tr>\n<tr>\n<td height=\"17\"><\/td>\n<td width=\"183\">Gatnar Lumir<\/td>\n<td width=\"101\">Czech Republic<\/td>\n<td width=\"50\"><\/td>\n<td width=\"37\">8<\/td>\n<td>1<\/td>\n<\/tr>\n<tr>\n<td height=\"17\"><\/td>\n<td width=\"183\">Rumyantsev\u00a0 Alexey<\/td>\n<td width=\"101\">Russia<\/td>\n<td width=\"50\"><\/td>\n<td width=\"37\">8<\/td>\n<td>1<\/td>\n<\/tr>\n<tr>\n<td height=\"18\"><\/td>\n<td>Truhl\u00e1\u0159 Pavel<\/td>\n<td width=\"101\">Czech Republic<\/td>\n<td width=\"50\"><\/td>\n<td width=\"37\">8<\/td>\n<td>2*<\/td>\n<\/tr>\n<tr>\n<td height=\"18\">64<\/td>\n<td width=\"183\">Letyagova Olga<\/td>\n<td width=\"101\">Russia<\/td>\n<td><\/td>\n<td width=\"37\">7<\/td>\n<td width=\"81\">1+1*<\/td>\n<\/tr>\n<tr>\n<td height=\"17\">65-70<\/td>\n<td>Dvo\u0159\u00e1k Jaroslav<\/td>\n<td width=\"101\">Czech Republic<\/td>\n<td><\/td>\n<td width=\"37\">6<\/td>\n<td width=\"81\">1*<\/td>\n<\/tr>\n<tr>\n<td height=\"17\"><\/td>\n<td width=\"183\">Leontiev Igor<\/td>\n<td width=\"101\">Russia<\/td>\n<td width=\"50\"><\/td>\n<td width=\"37\">6<\/td>\n<td>1<\/td>\n<\/tr>\n<tr>\n<td height=\"17\"><\/td>\n<td width=\"183\">Lichko Maria<\/td>\n<td width=\"101\">Belarus<\/td>\n<td><\/td>\n<td width=\"37\">6<\/td>\n<td width=\"81\">1<\/td>\n<\/tr>\n<tr>\n<td height=\"17\"><\/td>\n<td width=\"183\">Molarishvili\u00a0 Roman<\/td>\n<td width=\"101\">Russia<\/td>\n<td width=\"50\"><\/td>\n<td width=\"37\">6<\/td>\n<td>1<\/td>\n<\/tr>\n<tr>\n<td height=\"17\"><\/td>\n<td width=\"183\">Rozvalinov\u00a0 Aleksander<\/td>\n<td width=\"101\">Ukraine<\/td>\n<td width=\"50\"><\/td>\n<td width=\"37\">6<\/td>\n<td>1<\/td>\n<\/tr>\n<tr>\n<td height=\"18\"><\/td>\n<td width=\"183\">Singh Navdeep<\/td>\n<td width=\"101\">India<\/td>\n<td width=\"50\"><\/td>\n<td width=\"37\">6<\/td>\n<td>1<\/td>\n<\/tr>\n<tr>\n<td height=\"17\">71-79<\/td>\n<td width=\"183\">Artyukhin\u00a0 Alexey<\/td>\n<td width=\"101\">Russia<\/td>\n<td width=\"50\"><\/td>\n<td width=\"37\">5<\/td>\n<td>1<\/td>\n<\/tr>\n<tr>\n<td height=\"17\"><\/td>\n<td width=\"183\">Bobrov Ivan<\/td>\n<td width=\"101\">Russia<\/td>\n<td width=\"50\"><\/td>\n<td width=\"37\">5<\/td>\n<td>1<\/td>\n<\/tr>\n<tr>\n<td height=\"17\"><\/td>\n<td width=\"183\">Chirkov Pavel<\/td>\n<td width=\"101\">Russia<\/td>\n<td><\/td>\n<td width=\"37\">5<\/td>\n<td>2<\/td>\n<\/tr>\n<tr>\n<td height=\"17\"><\/td>\n<td width=\"183\">Malakhov Sergei<\/td>\n<td width=\"101\">Russia<\/td>\n<td width=\"50\"><\/td>\n<td width=\"37\">5<\/td>\n<td>1<\/td>\n<\/tr>\n<tr>\n<td height=\"17\"><\/td>\n<td width=\"183\">Marek\u00a0 Vaclav<\/td>\n<td width=\"101\">Czech Republic<\/td>\n<td><\/td>\n<td width=\"37\">5<\/td>\n<td>1<\/td>\n<\/tr>\n<tr>\n<td height=\"17\"><\/td>\n<td width=\"183\">Ryabko\u00a0 Boris<\/td>\n<td width=\"101\">Russia<\/td>\n<td width=\"50\"><\/td>\n<td width=\"37\">5<\/td>\n<td>1<\/td>\n<\/tr>\n<tr>\n<td height=\"17\"><\/td>\n<td width=\"183\">Shatalin Denis<\/td>\n<td width=\"101\">Ukraine<\/td>\n<td width=\"50\"><\/td>\n<td width=\"37\">5<\/td>\n<td>1<\/td>\n<\/tr>\n<tr>\n<td height=\"17\"><\/td>\n<td width=\"183\">Singh Prem<\/td>\n<td width=\"101\">India<\/td>\n<td width=\"50\"><\/td>\n<td width=\"37\">5<\/td>\n<td>1<\/td>\n<\/tr>\n<tr>\n<td height=\"18\"><\/td>\n<td width=\"183\">Vladimirov\u00a0 Daniil<\/td>\n<td width=\"101\">Russia<\/td>\n<td width=\"50\"><\/td>\n<td width=\"37\">5<\/td>\n<td>1<\/td>\n<\/tr>\n<tr>\n<td height=\"18\">80<\/td>\n<td>\u017delechovsk\u00fd V\u00e1clav<\/td>\n<td width=\"101\">Czech Republic<\/td>\n<td width=\"50\"><\/td>\n<td width=\"37\">4<\/td>\n<td>1*<\/td>\n<\/tr>\n<tr>\n<td height=\"17\">81-84<\/td>\n<td>Bolotin Artem<\/td>\n<td width=\"101\">Russia<\/td>\n<td width=\"50\"><\/td>\n<td width=\"37\">3<\/td>\n<td>1<\/td>\n<\/tr>\n<tr>\n<td height=\"17\"><\/td>\n<td width=\"183\">Chugunov Vyacheslav<\/td>\n<td width=\"101\">Russia<\/td>\n<td width=\"50\"><\/td>\n<td width=\"37\">3<\/td>\n<td>1<\/td>\n<\/tr>\n<tr>\n<td height=\"17\"><\/td>\n<td>Gongalsky Alexander<\/td>\n<td width=\"101\">Poland<\/td>\n<td width=\"50\"><\/td>\n<td width=\"37\">3<\/td>\n<td>1<\/td>\n<\/tr>\n<tr>\n<td height=\"18\"><\/td>\n<td width=\"183\">Plekhov\u00a0 Sergey<\/td>\n<td width=\"101\">Russia<\/td>\n<td width=\"50\"><\/td>\n<td width=\"37\">3<\/td>\n<td>1<\/td>\n<\/tr>\n<tr>\n<td height=\"17\">85-89<\/td>\n<td width=\"183\">Acciaro\u00a0 Giuseppe<\/td>\n<td width=\"101\">Italy<\/td>\n<td><\/td>\n<td width=\"37\">2<\/td>\n<td>1<\/td>\n<\/tr>\n<tr>\n<td height=\"17\"><\/td>\n<td width=\"183\">Borisov\u00a0 Mikhail<\/td>\n<td width=\"101\">Russia<\/td>\n<td><\/td>\n<td width=\"37\">2<\/td>\n<td>1<\/td>\n<\/tr>\n<tr>\n<td height=\"17\"><\/td>\n<td>K\u0159i\u0161ta V\u00e1clav<\/td>\n<td width=\"101\">Czech Republic<\/td>\n<td><\/td>\n<td width=\"37\">2<\/td>\n<td>1*<\/td>\n<\/tr>\n<tr>\n<td height=\"17\"><\/td>\n<td width=\"183\">Fomin\u00a0 Mikhail<\/td>\n<td width=\"101\">Russia<\/td>\n<td width=\"50\"><\/td>\n<td width=\"37\">2<\/td>\n<td>1<\/td>\n<\/tr>\n<tr>\n<td height=\"18\"><\/td>\n<td width=\"183\">Peftits Dmitry<\/td>\n<td width=\"101\">Ukraine<\/td>\n<td width=\"50\"><\/td>\n<td width=\"37\">2<\/td>\n<td>1<\/td>\n<\/tr>\n<tr>\n<td height=\"17\">90-95<\/td>\n<td width=\"183\">Kostenitsky\u00a0 German<\/td>\n<td width=\"101\">Russia<\/td>\n<td><\/td>\n<td width=\"37\">1<\/td>\n<td>1<\/td>\n<\/tr>\n<tr>\n<td height=\"17\"><\/td>\n<td width=\"183\">Kuzyukov Yuri<\/td>\n<td width=\"101\">Russia<\/td>\n<td><\/td>\n<td width=\"37\">1<\/td>\n<td>1<\/td>\n<\/tr>\n<tr>\n<td height=\"17\"><\/td>\n<td width=\"183\">Mokrov Dmitry<\/td>\n<td width=\"101\">Russia<\/td>\n<td><\/td>\n<td width=\"37\">1<\/td>\n<td>1<\/td>\n<\/tr>\n<tr>\n<td height=\"17\"><\/td>\n<td width=\"183\">Olekseenko Lidiya<\/td>\n<td width=\"101\">Ukraine<\/td>\n<td><\/td>\n<td width=\"37\">1<\/td>\n<td>1<\/td>\n<\/tr>\n<tr>\n<td height=\"17\"><\/td>\n<td width=\"183\">Rybakov\u00a0 Leonid<\/td>\n<td width=\"101\">Russia<\/td>\n<td width=\"50\"><\/td>\n<td width=\"37\">1<\/td>\n<td>1<\/td>\n<\/tr>\n<tr>\n<td height=\"18\"><\/td>\n<td width=\"183\">Shubin Artem<\/td>\n<td width=\"101\">Russia<\/td>\n<td width=\"50\"><\/td>\n<td width=\"37\">1<\/td>\n<td>1<\/td>\n<\/tr>\n<\/tbody>\n<\/table>\n<p><strong>* bonus tournaments<\/strong><\/p>","protected":false},"excerpt":{"rendered":"<p>World Cup \u2013 2013 in draughts-64 Stage Competition Version Champion 1 International competition memory E.Stepanov RUS Kolesov Gavril 2 International\u00a0competition \u00abRimini-2013\u00bb IT BR RUS Kolesov Gavril\u00a0\u00a0 Tsinman Dmitry Skrabov Vladimir 3 International competition\u00a0 \u00abTikhvin \u2013 2013\u00bb RUS Skrabov Vladimir 4 International competition\u00a0 \u00abWhite Nights \u2013 2013\u00bb RUS Burov Alexander 5 International competition \u00abPardubice -2013\u00bb CZE [&hellip;]<\/p>\n","protected":false},"author":3,"featured_media":0,"parent":0,"menu_order":0,"comment_status":"closed","ping_status":"closed","template":"","meta":{"ngg_post_thumbnail":0},"_links":{"self":[{"href":"https:\/\/fmjd64.org\/ru\/wp-json\/wp\/v2\/pages\/3470"}],"collection":[{"href":"https:\/\/fmjd64.org\/ru\/wp-json\/wp\/v2\/pages"}],"about":[{"href":"https:\/\/fmjd64.org\/ru\/wp-json\/wp\/v2\/types\/page"}],"author":[{"embeddable":true,"href":"https:\/\/fmjd64.org\/ru\/wp-json\/wp\/v2\/users\/3"}],"replies":[{"embeddable":true,"href":"https:\/\/fmjd64.org\/ru\/wp-json\/wp\/v2\/comments?post=3470"}],"version-history":[{"count":0,"href":"https:\/\/fmjd64.org\/ru\/wp-json\/wp\/v2\/pages\/3470\/revisions"}],"wp:attachment":[{"href":"https:\/\/fmjd64.org\/ru\/wp-json\/wp\/v2\/media?parent=3470"}],"curies":[{"name":"wp","href":"https:\/\/api.w.org\/{rel}","templated":true}]}}